{"id":22,"date":"2020-09-09T19:49:11","date_gmt":"2020-09-09T17:49:11","guid":{"rendered":"http:\/\/mmuzyka.webd.pro\/?page_id=22"},"modified":"2023-02-19T13:13:35","modified_gmt":"2023-02-19T11:13:35","slug":"o-mnie","status":"publish","type":"page","link":"https:\/\/mmuzyka.pl\/en\/o-mnie\/","title":{"rendered":"About me"},"content":{"rendered":"<p style=\"text-align: center;\">Cze\u015b\u0107!<\/p>\n<p style=\"text-align: center;\">ciesz\u0119 si\u0119, \u017ce tu jeste\u015b. Mam na imi\u0119 Magda, maluj\u0119 i robi\u0119 zdj\u0119cia z pasji i z serca.<\/p>\n\n\n<div class=\"wp-block-jetpack-tiled-gallery aligncenter is-style-rectangular\"><div class=\"tiled-gallery__gallery\"><div class=\"tiled-gallery__row\"><div class=\"tiled-gallery__col\" style=\"flex-basis:28.37453%\"><figure class=\"tiled-gallery__item\"><img decoding=\"async\" srcset=\"https:\/\/i0.wp.com\/mmuzyka.pl\/wp-content\/uploads\/2021\/11\/DSC-23-718x1024.jpg?strip=info&#038;w=600&#038;ssl=1 600w,https:\/\/i0.wp.com\/mmuzyka.pl\/wp-content\/uploads\/2021\/11\/DSC-23-718x1024.jpg?strip=info&#038;w=900&#038;ssl=1 900w,https:\/\/i0.wp.com\/mmuzyka.pl\/wp-content\/uploads\/2021\/11\/DSC-23-718x1024.jpg?strip=info&#038;w=1200&#038;ssl=1 1200w,https:\/\/i0.wp.com\/mmuzyka.pl\/wp-content\/uploads\/2021\/11\/DSC-23-718x1024.jpg?strip=info&#038;w=1500&#038;ssl=1 1500w,https:\/\/i0.wp.com\/mmuzyka.pl\/wp-content\/uploads\/2021\/11\/DSC-23-718x1024.jpg?strip=info&#038;w=1796&#038;ssl=1 1796w\" alt=\"\" data-height=\"2560\" data-id=\"621\" data-link=\"https:\/\/mmuzyka.pl\/o-mnie\/dsc-23\/\" data-url=\"https:\/\/mmuzyka.pl\/wp-content\/uploads\/2021\/11\/DSC-23-718x1024.jpg\" data-width=\"1796\" src=\"https:\/\/i0.wp.com\/mmuzyka.pl\/wp-content\/uploads\/2021\/11\/DSC-23-718x1024.jpg?ssl=1\" data-amp-layout=\"responsive\"\/><\/figure><\/div><div class=\"tiled-gallery__col\" style=\"flex-basis:71.62547%\"><figure class=\"tiled-gallery__item\"><img decoding=\"async\" srcset=\"https:\/\/i1.wp.com\/mmuzyka.pl\/wp-content\/uploads\/2020\/09\/mmuzyka_omnie.jpg?strip=info&#038;w=600&#038;ssl=1 600w,https:\/\/i1.wp.com\/mmuzyka.pl\/wp-content\/uploads\/2020\/09\/mmuzyka_omnie.jpg?strip=info&#038;w=888&#038;ssl=1 888w\" alt=\"\" data-height=\"500\" data-id=\"23\" data-link=\"https:\/\/mmuzyka.pl\/o-mnie\/mmuzyka_omnie\/\" data-url=\"https:\/\/mmuzyka.pl\/wp-content\/uploads\/2020\/09\/mmuzyka_omnie.jpg\" data-width=\"888\" src=\"https:\/\/i1.wp.com\/mmuzyka.pl\/wp-content\/uploads\/2020\/09\/mmuzyka_omnie.jpg?ssl=1\" data-amp-layout=\"responsive\"\/><\/figure><\/div><\/div><\/div><\/div>\n\n\n<p align=\"justify\">W fotografii najbardziej ceni\u0119 mo\u017cliwo\u015b\u0107 zatrzymania chwili i odkrycia zaskakuj\u0105cych emocji oraz zdarze\u0144, kt\u00f3re na co dzie\u0144 s\u0105 pomijane lub niezauwa\u017calne. W domowym zaciszu obiektyw aparatu zamieniam na p\u0142\u00f3tno i farby, poniewa\u017c moj\u0105 kolejn\u0105 pasj\u0105 jest malarstwo. Nieod\u0142\u0105cznym towarzyszem procesu tw\u00f3rczego jest muzyka. Efekt ko\u0144cowy cz\u0119sto jest odzwierciedleniem klimatu s\u0142uchanych utwor\u00f3w, a d\u017awi\u0119ki maj\u0105 realny wp\u0142yw na tematyk\u0119 i kolorystyk\u0119 powstaj\u0105cych prac.<\/p>\n<p align=\"justify\">Jestem absolwentk\u0105 Uniwersytetu Jagiello\u0144skiego na kierunku zarz\u0105dzanie kultur\u0105 i mediami, Uniwersytetu Wy\u017cszej Szko\u0142y Psychologii Spo\u0142ecznej we Wroc\u0142awiu na kierunku dziennikarstwo i komunikacja spo\u0142eczna oraz Regionalnego O\u015brodka Edukacji we Wroc\u0142awiu, na kierunku plastyk &#8211; fotograf.<\/p>","protected":false},"excerpt":{"rendered":"<p>Cze\u015b\u0107! ciesz\u0119 si\u0119, \u017ce tu jeste\u015b. Mam na imi\u0119 Magda, maluj\u0119 i robi\u0119 zdj\u0119cia z pasji i z serca. W fotografii najbardziej ceni\u0119 mo\u017cliwo\u015b\u0107 zatrzymania chwili i odkrycia zaskakuj\u0105cych emocji oraz zdarze\u0144, kt\u00f3re na co<span class=\"more-button\"><a href=\"https:\/\/mmuzyka.pl\/en\/o-mnie\/\" class=\"more-link\">Czytaj dalej<span class=\"screen-reader-text\">About me<\/span><i class=\"fa fa-angle-right\" aria-hidden=\"true\"><\/i><\/a><\/span><\/p>","protected":false},"author":1,"featured_media":0,"parent":0,"menu_order":0,"comment_status":"closed","ping_status":"closed","template":"","meta":{"_themeisle_gutenberg_block_has_review":false,"jetpack_post_was_ever_published":false,"footnotes":""},"class_list":["post-22","page","type-page","status-publish","hentry"],"yoast_head":"<!-- This site is optimized with the Yoast SEO plugin v25.9 - https:\/\/yoast.com\/wordpress\/plugins\/seo\/ -->\n<title>O mnie - Magdalena Muzyka<\/title>\n<meta name=\"robots\" content=\"index, follow, max-snippet:-1, max-image-preview:large, max-video-preview:-1\" \/>\n<link rel=\"canonical\" href=\"https:\/\/mmuzyka.pl\/en\/o-mnie\/\" \/>\n<meta property=\"og:locale\" content=\"en_US\" \/>\n<meta property=\"og:type\" content=\"article\" \/>\n<meta property=\"og:title\" content=\"O mnie - Magdalena Muzyka\" \/>\n<meta property=\"og:description\" content=\"Cze\u015b\u0107! ciesz\u0119 si\u0119, \u017ce tu jeste\u015b. Mam na imi\u0119 Magda, maluj\u0119 i robi\u0119 zdj\u0119cia z pasji i z serca. W fotografii najbardziej ceni\u0119 mo\u017cliwo\u015b\u0107 zatrzymania chwili i odkrycia zaskakuj\u0105cych emocji oraz zdarze\u0144, kt\u00f3re na coCzytaj dalejO mnie\" \/>\n<meta property=\"og:url\" content=\"https:\/\/mmuzyka.pl\/en\/o-mnie\/\" \/>\n<meta property=\"og:site_name\" content=\"Magdalena Muzyka\" \/>\n<meta property=\"article:modified_time\" content=\"2023-02-19T11:13:35+00:00\" \/>\n<meta property=\"og:image\" content=\"https:\/\/i0.wp.com\/mmuzyka.pl\/wp-content\/uploads\/2021\/11\/DSC-23-718x1024.jpg?ssl=1\" \/>\n<meta name=\"twitter:card\" content=\"summary_large_image\" \/>\n<meta name=\"twitter:label1\" content=\"Est. reading time\" \/>\n\t<meta name=\"twitter:data1\" content=\"1 minute\" \/>\n<script type=\"application\/ld+json\" class=\"yoast-schema-graph\">{\"@context\":\"https:\/\/schema.org\",\"@graph\":[{\"@type\":\"WebPage\",\"@id\":\"https:\/\/mmuzyka.pl\/o-mnie\/\",\"url\":\"https:\/\/mmuzyka.pl\/o-mnie\/\",\"name\":\"O mnie - Magdalena Muzyka\",\"isPartOf\":{\"@id\":\"https:\/\/mmuzyka.pl\/#website\"},\"primaryImageOfPage\":{\"@id\":\"https:\/\/mmuzyka.pl\/o-mnie\/#primaryimage\"},\"image\":{\"@id\":\"https:\/\/mmuzyka.pl\/o-mnie\/#primaryimage\"},\"thumbnailUrl\":\"https:\/\/i0.wp.com\/mmuzyka.pl\/wp-content\/uploads\/2021\/11\/DSC-23-718x1024.jpg?ssl=1\",\"datePublished\":\"2020-09-09T17:49:11+00:00\",\"dateModified\":\"2023-02-19T11:13:35+00:00\",\"breadcrumb\":{\"@id\":\"https:\/\/mmuzyka.pl\/o-mnie\/#breadcrumb\"},\"inLanguage\":\"en-US\",\"potentialAction\":[{\"@type\":\"ReadAction\",\"target\":[\"https:\/\/mmuzyka.pl\/o-mnie\/\"]}]},{\"@type\":\"ImageObject\",\"inLanguage\":\"en-US\",\"@id\":\"https:\/\/mmuzyka.pl\/o-mnie\/#primaryimage\",\"url\":\"https:\/\/i0.wp.com\/mmuzyka.pl\/wp-content\/uploads\/2021\/11\/DSC-23-718x1024.jpg?ssl=1\",\"contentUrl\":\"https:\/\/i0.wp.com\/mmuzyka.pl\/wp-content\/uploads\/2021\/11\/DSC-23-718x1024.jpg?ssl=1\"},{\"@type\":\"BreadcrumbList\",\"@id\":\"https:\/\/mmuzyka.pl\/o-mnie\/#breadcrumb\",\"itemListElement\":[{\"@type\":\"ListItem\",\"position\":1,\"name\":\"Strona g\u0142\u00f3wna\",\"item\":\"https:\/\/mmuzyka.pl\/\"},{\"@type\":\"ListItem\",\"position\":2,\"name\":\"O mnie\"}]},{\"@type\":\"WebSite\",\"@id\":\"https:\/\/mmuzyka.pl\/#website\",\"url\":\"https:\/\/mmuzyka.pl\/\",\"name\":\"Magdalena Muzyka\",\"description\":\"Fotografia | Malarstwo\",\"publisher\":{\"@id\":\"https:\/\/mmuzyka.pl\/#\/schema\/person\/8304b62d1624338b5c7d66f26066c029\"},\"potentialAction\":[{\"@type\":\"SearchAction\",\"target\":{\"@type\":\"EntryPoint\",\"urlTemplate\":\"https:\/\/mmuzyka.pl\/?s={search_term_string}\"},\"query-input\":{\"@type\":\"PropertyValueSpecification\",\"valueRequired\":true,\"valueName\":\"search_term_string\"}}],\"inLanguage\":\"en-US\"},{\"@type\":[\"Person\",\"Organization\"],\"@id\":\"https:\/\/mmuzyka.pl\/#\/schema\/person\/8304b62d1624338b5c7d66f26066c029\",\"name\":\"Magdalena Muzyka\",\"image\":{\"@type\":\"ImageObject\",\"inLanguage\":\"en-US\",\"@id\":\"https:\/\/mmuzyka.pl\/#\/schema\/person\/image\/\",\"url\":\"https:\/\/mmuzyka.pl\/wp-content\/uploads\/2021\/02\/cropped-Kopia-Muzyka-7.png\",\"contentUrl\":\"https:\/\/mmuzyka.pl\/wp-content\/uploads\/2021\/02\/cropped-Kopia-Muzyka-7.png\",\"width\":500,\"height\":500,\"caption\":\"Magdalena Muzyka\"},\"logo\":{\"@id\":\"https:\/\/mmuzyka.pl\/#\/schema\/person\/image\/\"},\"sameAs\":[\"https:\/\/mmuzyka.pl\"]}]}<\/script>\n<!-- \/ Yoast SEO plugin. -->","yoast_head_json":{"title":"O mnie - Magdalena Muzyka","robots":{"index":"index","follow":"follow","max-snippet":"max-snippet:-1","max-image-preview":"max-image-preview:large","max-video-preview":"max-video-preview:-1"},"canonical":"https:\/\/mmuzyka.pl\/en\/o-mnie\/","og_locale":"en_US","og_type":"article","og_title":"O mnie - Magdalena Muzyka","og_description":"Cze\u015b\u0107! ciesz\u0119 si\u0119, \u017ce tu jeste\u015b. Mam na imi\u0119 Magda, maluj\u0119 i robi\u0119 zdj\u0119cia z pasji i z serca. W fotografii najbardziej ceni\u0119 mo\u017cliwo\u015b\u0107 zatrzymania chwili i odkrycia zaskakuj\u0105cych emocji oraz zdarze\u0144, kt\u00f3re na coCzytaj dalejO mnie","og_url":"https:\/\/mmuzyka.pl\/en\/o-mnie\/","og_site_name":"Magdalena Muzyka","article_modified_time":"2023-02-19T11:13:35+00:00","og_image":[{"url":"https:\/\/i0.wp.com\/mmuzyka.pl\/wp-content\/uploads\/2021\/11\/DSC-23-718x1024.jpg?ssl=1","type":"","width":"","height":""}],"twitter_card":"summary_large_image","twitter_misc":{"Est. reading time":"1 minute"},"schema":{"@context":"https:\/\/schema.org","@graph":[{"@type":"WebPage","@id":"https:\/\/mmuzyka.pl\/o-mnie\/","url":"https:\/\/mmuzyka.pl\/o-mnie\/","name":"O mnie - Magdalena Muzyka","isPartOf":{"@id":"https:\/\/mmuzyka.pl\/#website"},"primaryImageOfPage":{"@id":"https:\/\/mmuzyka.pl\/o-mnie\/#primaryimage"},"image":{"@id":"https:\/\/mmuzyka.pl\/o-mnie\/#primaryimage"},"thumbnailUrl":"https:\/\/i0.wp.com\/mmuzyka.pl\/wp-content\/uploads\/2021\/11\/DSC-23-718x1024.jpg?ssl=1","datePublished":"2020-09-09T17:49:11+00:00","dateModified":"2023-02-19T11:13:35+00:00","breadcrumb":{"@id":"https:\/\/mmuzyka.pl\/o-mnie\/#breadcrumb"},"inLanguage":"en-US","potentialAction":[{"@type":"ReadAction","target":["https:\/\/mmuzyka.pl\/o-mnie\/"]}]},{"@type":"ImageObject","inLanguage":"en-US","@id":"https:\/\/mmuzyka.pl\/o-mnie\/#primaryimage","url":"https:\/\/i0.wp.com\/mmuzyka.pl\/wp-content\/uploads\/2021\/11\/DSC-23-718x1024.jpg?ssl=1","contentUrl":"https:\/\/i0.wp.com\/mmuzyka.pl\/wp-content\/uploads\/2021\/11\/DSC-23-718x1024.jpg?ssl=1"},{"@type":"BreadcrumbList","@id":"https:\/\/mmuzyka.pl\/o-mnie\/#breadcrumb","itemListElement":[{"@type":"ListItem","position":1,"name":"Strona g\u0142\u00f3wna","item":"https:\/\/mmuzyka.pl\/"},{"@type":"ListItem","position":2,"name":"O mnie"}]},{"@type":"WebSite","@id":"https:\/\/mmuzyka.pl\/#website","url":"https:\/\/mmuzyka.pl\/","name":"Magdalena Muzyka","description":"Photography | Painting","publisher":{"@id":"https:\/\/mmuzyka.pl\/#\/schema\/person\/8304b62d1624338b5c7d66f26066c029"},"potentialAction":[{"@type":"SearchAction","target":{"@type":"EntryPoint","urlTemplate":"https:\/\/mmuzyka.pl\/?s={search_term_string}"},"query-input":{"@type":"PropertyValueSpecification","valueRequired":true,"valueName":"search_term_string"}}],"inLanguage":"en-US"},{"@type":["Person","Organization"],"@id":"https:\/\/mmuzyka.pl\/#\/schema\/person\/8304b62d1624338b5c7d66f26066c029","name":"Magdalena Muzyka","image":{"@type":"ImageObject","inLanguage":"en-US","@id":"https:\/\/mmuzyka.pl\/#\/schema\/person\/image\/","url":"https:\/\/mmuzyka.pl\/wp-content\/uploads\/2021\/02\/cropped-Kopia-Muzyka-7.png","contentUrl":"https:\/\/mmuzyka.pl\/wp-content\/uploads\/2021\/02\/cropped-Kopia-Muzyka-7.png","width":500,"height":500,"caption":"Magdalena Muzyka"},"logo":{"@id":"https:\/\/mmuzyka.pl\/#\/schema\/person\/image\/"},"sameAs":["https:\/\/mmuzyka.pl"]}]}},"jetpack_sharing_enabled":true,"_links":{"self":[{"href":"https:\/\/mmuzyka.pl\/en\/wp-json\/wp\/v2\/pages\/22","targetHints":{"allow":["GET"]}}],"collection":[{"href":"https:\/\/mmuzyka.pl\/en\/wp-json\/wp\/v2\/pages"}],"about":[{"href":"https:\/\/mmuzyka.pl\/en\/wp-json\/wp\/v2\/types\/page"}],"author":[{"embeddable":true,"href":"https:\/\/mmuzyka.pl\/en\/wp-json\/wp\/v2\/users\/1"}],"replies":[{"embeddable":true,"href":"https:\/\/mmuzyka.pl\/en\/wp-json\/wp\/v2\/comments?post=22"}],"version-history":[{"count":15,"href":"https:\/\/mmuzyka.pl\/en\/wp-json\/wp\/v2\/pages\/22\/revisions"}],"predecessor-version":[{"id":828,"href":"https:\/\/mmuzyka.pl\/en\/wp-json\/wp\/v2\/pages\/22\/revisions\/828"}],"wp:attachment":[{"href":"https:\/\/mmuzyka.pl\/en\/wp-json\/wp\/v2\/media?parent=22"}],"curies":[{"name":"wp","href":"https:\/\/api.w.org\/{rel}","templated":true}]}}